{"id":9,"date":"2016-08-03T13:14:37","date_gmt":"2016-08-03T13:14:37","guid":{"rendered":"http:\/\/demo.olevmedia.net\/wheelsberry\/?page_id=9"},"modified":"2025-06-30T17:59:50","modified_gmt":"2025-06-30T15:59:50","slug":"homepage","status":"publish","type":"page","link":"https:\/\/rnbcasablanca.com\/ar\/","title":{"rendered":"Homepage"},"content":{"rendered":"<div id=\"services\" class=\"vc_row wpb_row vc_row-fluid om-container vc_row-full-width\"><div class=\"om-container\"><div class=\"wpb_column vc_column_container vc_col-sm-12\"><div class=\"vc_column-inner\"><div class=\"wpb_wrapper\"><h2  style=\"text-align: center\" class=\"vc_custom_heading\" >\u062e\u062f\u0645\u0627\u062a<\/h2><div class=\"vc_om-max-width om-mw-align-center\" style=\"max-width:960px\"><div class=\"vc_om-services wpb_content_element owl-carousel\" data-top-padding=\"250\" data-bottom-padding=\"100\"><div class=\"om-services__item\" style=\"background-image:url(https:\/\/rnbcasablanca.com\/wp-content\/uploads\/2016\/08\/SHUTTERSTOCK_84012001-1.jpg);background-size:contain\"><div class=\"om-services__pane\"><h3 class=\"om-services__title\">\u0641\u064a \u0645\u0627 \u064a\u062e\u0635\u0646\u0627<\/h3><div class=\"om-services__description\"><p>\u062a\u062a\u0645\u062a\u0639 \u0648\u0643\u0627\u0644\u0629 RNB \u0644\u062a\u0623\u062c\u064a\u0631 \u0627\u0644\u0633\u064a\u0627\u0631\u0627\u062a \u0641\u064a \u0627\u0644\u062f\u0627\u0631 \u0627\u0644\u0628\u064a\u0636\u0627\u0621\u060c \u0627\u0644\u0645\u062a\u0648\u0627\u062c\u062f\u0629 \u0641\u064a \u062a\u064a\u0637 \u0645\u0644\u064a\u0644\u060c \u0628\u0623\u0643\u0628\u0631 \u0623\u0633\u0637\u0648\u0644 \u0645\u0646 \u0627\u0644\u0633\u064a\u0627\u0631\u0627\u062a \u0627\u0644\u0641\u0627\u062e\u0631\u0629: \u0627\u0644\u0633\u064a\u0627\u0631\u0627\u062a \u0627\u0644\u0631\u0627\u0642\u064a\u0629 \u0648\u0627\u0644\u0633\u064a\u0627\u0631\u0627\u062a \u0627\u0644\u0631\u064a\u0627\u0636\u064a\u0629. \u064a\u062a\u064a\u062d \u0644\u0643 \u0647\u0630\u0627 \u0627\u0644\u0627\u0633\u062a\u0641\u0627\u062f\u0629 \u0645\u0646 \u0623\u062f\u0646\u0649 \u0627\u0644\u0623\u0633\u0639\u0627\u0631 \u0639\u0644\u0649 \u0645\u062f\u0627\u0631 \u0627\u0644\u0639\u0627\u0645 \u0639\u0644\u0649 \u0647\u0630\u0647 \u0627\u0644\u0623\u0646\u0648\u0627\u0639 \u0645\u0646 \u0627\u0644\u0645\u0631\u0643\u0628\u0627\u062a: \u0633\u064a\u0627\u0631\u0627\u062a \u0627\u0644\u062f\u0641\u0639 \u0627\u0644\u0631\u0628\u0627\u0639\u064a\u060c \u0648\u0627\u0644\u0633\u064a\u0627\u0631\u0627\u062a \u0627\u0644\u0645\u0643\u0634\u0648\u0641\u0629\u060c \u0648\u0627\u0644\u0643\u0648\u0628\u064a\u0647\u060c \u0648\u0645\u0627 \u0625\u0644\u0649 \u0630\u0644\u0643.<\/p>\n<\/div><\/div><\/div><div class=\"om-services__item\" style=\"background-image:url(https:\/\/rnbcasablanca.com\/wp-content\/uploads\/2016\/08\/SHUTTERSTOCK_111951167-1.jpg);background-size:contain\"><div class=\"om-services__pane\"><h3 class=\"om-services__title\">\u0639\u062f\u062f \u0627\u0644\u0623\u0645\u064a\u0627\u0644<\/h3><div class=\"om-services__description\"><p>\u0627\u0643\u062a\u0634\u0641 \u0623\u0633\u0631\u0627\u0631 \u0627\u0644\u062f\u0627\u0631 \u0627\u0644\u0628\u064a\u0636\u0627\u0621! \u0627\u0633\u062a\u0623\u062c\u0631 \u0633\u064a\u0627\u0631\u0629 \u0628\u0633\u0639\u0631 \u0645\u0646\u062e\u0641\u0636 250 \u0643\u0645 \/ \u064a\u0648\u0645 \u0648\u0639\u064a\u0634 \u0627\u0644\u062a\u062c\u0631\u0628\u0629 \u0627\u0644\u0645\u062b\u0627\u0644\u064a\u0629 \u0641\u064a \u0627\u0644\u0645\u063a\u0631\u0628. \u0627\u062d\u062c\u0632 \u0627\u0644\u0622\u0646 \u0648\u0627\u0646\u0637\u0644\u0642 \u0641\u064a \u0627\u0644\u0645\u063a\u0627\u0645\u0631\u0629<\/p>\n<\/div><\/div><\/div><div class=\"om-services__item\" style=\"background-image:url(https:\/\/rnbcasablanca.com\/wp-content\/uploads\/2016\/08\/SHUTTERSTOCK_59980393-1.jpg);background-size:contain\"><div class=\"om-services__pane\"><h3 class=\"om-services__title\">\u0627\u0644\u062d\u062c\u0632 &amp; \u0627\u0644\u062a\u0633\u0644\u064a\u0645<\/h3><div class=\"om-services__description\"><p>\u0627\u062d\u062c\u0632 \u0639\u0644\u0649 \u0645\u0648\u0642\u0639\u0646\u0627 \u0648\u0633\u0646\u0642\u0648\u0645 \u0628\u0627\u0644\u0631\u062f \u0639\u0644\u064a\u0643 \u0641\u064a \u0623\u0642\u0631\u0628 \u0648\u0642\u062a \u0645\u0645\u0643\u0646.<\/p>\n<\/div><\/div><\/div><\/div><\/div><div class=\"vc_empty_space\"   style=\"height: 40px\"><span class=\"vc_empty_space_inner\"><\/span><\/div><\/div><\/div><\/div><\/div><\/div><div id=\"about\" class=\"vc_row wpb_row vc_row-fluid om-container vc_custom_1470245913143 vc_row-has-fill vc_row-full-width\"><div class=\"om-container\"><div class=\"wpb_column vc_column_container vc_col-sm-12\"><div class=\"vc_column-inner\"><div class=\"wpb_wrapper\"><div class=\"vc_empty_space\"   style=\"height: 40px\"><span class=\"vc_empty_space_inner\"><\/span><\/div><h2  style=\"text-align: center\" class=\"vc_custom_heading\" >\u0623\u0647\u062f\u0627\u0641\u0646\u0627<\/h2><div class=\"vc_om-about wpb_content_element owl-carousel\"><div class=\"om-about__item\"><div class=\"om-about__item-inner\"><div class=\"om-about__img\" style=\"background-image:url(https:\/\/rnbcasablanca.com\/wp-content\/uploads\/2016\/08\/road-people-street-smartphone-1.jpg)\"><\/div><div class=\"om-about__pane\"><div class=\"om-about__pane-inner\"><h3 class=\"om-about__title\">Satisfaction<\/h3><div class=\"om-about__media om-about__media--counter\"><div class=\"om-about__counter-value\">+500<\/div><div class=\"om-about__counter-title\">\u0632\u0628\u0627\u0626\u0646 \u064a\u0634\u0639\u0631\u0648\u0646 \u0628\u0627\u0644\u0631\u0636\u0649<\/div><\/div><div class=\"om-about__description\"><p>\u0641\u064a RNB\u060c \u0627\u0633\u062a\u0623\u062c\u0631 \u062f\u0648\u0646 \u0642\u0644\u0642! \u064a\u0639\u0645\u0644 \u0641\u0631\u064a\u0642\u0646\u0627 \u0628\u062c\u062f \u0644\u0625\u0631\u0636\u0627\u0626\u0643.<\/p>\n<\/div><\/div><\/div><\/div><\/div><div class=\"om-about__item\"><div class=\"om-about__item-inner\"><div class=\"om-about__img\" style=\"background-image:url(https:\/\/rnbcasablanca.com\/wp-content\/uploads\/2016\/08\/photo-1451866961142-cd9f8c737e8b-1.jpg)\"><\/div><div class=\"om-about__pane\"><div class=\"om-about__pane-inner\"><h3 class=\"om-about__title\">RNB WorldWide<\/h3><div class=\"om-about__media om-about__media--icon\"><i class=\"fas fa-globe-europe\" style=\"font-size:80px\"><\/i><\/div><div class=\"om-about__description\"><p>\u0627\u062d\u062c\u0632 \u0633\u064a\u0627\u0631\u062a\u0643 \u0623\u064a\u0646\u0645\u0627 \u0643\u0646\u062a! \u0633\u064a\u0642\u0648\u0645 \u0641\u0631\u064a\u0642\u0646\u0627 \u0628\u0627\u0644\u0627\u062a\u0635\u0627\u0644 \u0628\u0643 \u0641\u064a \u0623\u0642\u0631\u0628 \u0648\u0642\u062a \u0645\u0645\u0643\u0646<\/p>\n<\/div><\/div><\/div><\/div><\/div><div class=\"om-about__item\"><div class=\"om-about__item-inner\"><div class=\"om-about__img\" style=\"background-image:url(https:\/\/rnbcasablanca.com\/wp-content\/uploads\/2016\/08\/about3-1-740x486.jpg)\"><\/div><div class=\"om-about__pane\"><div class=\"om-about__pane-inner\"><h3 class=\"om-about__title\">\u0623\u0641\u0636\u0644 \u0627\u0644\u0623\u0633\u0639\u0627\u0631<\/h3><div class=\"om-about__media om-about__media--image\"><img decoding=\"async\" src=\"https:\/\/rnbcasablanca.com\/wp-content\/uploads\/2016\/08\/icon-ok-1.png\"><\/div><div class=\"om-about__description\"><p>\u062a\u0642\u062f\u0645 \u0644\u0643 RNB \u0623\u0633\u0639\u0627\u0631\u064b\u0627 \u062a\u0646\u0627\u0641\u0633\u064a\u0629 \u0644\u0644\u063a\u0627\u064a\u0629 \u0645\u0642\u0627\u0631\u0646\u0629 \u0628\u0627\u0644\u0645\u0646\u0627\u0641\u0633\u0629.<\/p>\n<\/div><\/div><\/div><\/div><\/div><\/div><div class=\"vc_empty_space\"   style=\"height: 40px\"><span class=\"vc_empty_space_inner\"><\/span><\/div><\/div><\/div><\/div><\/div><\/div><div id=\"locations\" class=\"vc_row wpb_row vc_row-fluid om-container vc_row-full-width vc_row-stretch-content vc_row-no-padding\"><div class=\"om-container\"><div class=\"wpb_column vc_column_container vc_col-sm-12\"><div class=\"vc_column-inner\"><div class=\"wpb_wrapper\"><h2  style=\"text-align: center\" class=\"vc_custom_heading\" >\u062d\u062f\u062f \u0645\u0648\u0642\u0639\u0646\u0627<\/h2><div class=\"wpb_gmaps_widget wpb_content_element\"><div class=\"wpb_wrapper\"><div class=\"wpb_map_wraper\"><iframe src=\"https:\/\/www.google.com\/maps\/embed?pb=!1m18!1m12!1m3!1d3325.118190507524!2d-7.4643946!3d33.5503054!2m3!1f0!2f0!3f0!3m2!1i1024!2i768!4f13.1!3m3!1m2!1s0xda635001c0641cf%3A0xaff82548009908f4!2sRNB%20CASABLANCA!5e0!3m2!1sen!2sma!4v1750803782947!5m2!1sen!2sma\" width=\"600\" height=\"450\" style=\"border:0;\" allowfullscreen=\"\" loading=\"lazy\" referrerpolicy=\"no-referrer-when-downgrade\"><\/iframe><\/div><\/div><\/div><\/div><\/div><\/div><\/div><\/div><div id=\"contacts\" class=\"vc_row wpb_row vc_row-fluid om-container vc_row-full-width\"><div class=\"om-container\"><div class=\"wpb_column vc_column_container vc_col-sm-12\"><div class=\"vc_column-inner\"><div class=\"wpb_wrapper\"><\/div><\/div><\/div><\/div><\/div>","protected":false},"excerpt":{"rendered":"Nos servicesA propos de nousRNB agence de location de voiture \u00e0 Casablanca, situ\u00e9e \u00e0 Tit Melil, dispose de la plus grande flotte de voitures de&hellip;<p><a href=\"https:\/\/rnbcasablanca.com\/ar\/\" class=\"read-more-link\">Read more<\/a><\/p>","protected":false},"author":1,"featured_media":0,"parent":0,"menu_order":0,"comment_status":"closed","ping_status":"closed","template":"","meta":{"om_disable_all_campaigns":false,"_monsterinsights_skip_tracking":false,"_monsterinsights_sitenote_active":false,"_monsterinsights_sitenote_note":"","_monsterinsights_sitenote_category":0,"footnotes":""},"class_list":["post-9","page","type-page","status-publish","hentry"],"aioseo_notices":[],"_links":{"self":[{"href":"https:\/\/rnbcasablanca.com\/ar\/wp-json\/wp\/v2\/pages\/9","targetHints":{"allow":["GET"]}}],"collection":[{"href":"https:\/\/rnbcasablanca.com\/ar\/wp-json\/wp\/v2\/pages"}],"about":[{"href":"https:\/\/rnbcasablanca.com\/ar\/wp-json\/wp\/v2\/types\/page"}],"author":[{"embeddable":true,"href":"https:\/\/rnbcasablanca.com\/ar\/wp-json\/wp\/v2\/users\/1"}],"replies":[{"embeddable":true,"href":"https:\/\/rnbcasablanca.com\/ar\/wp-json\/wp\/v2\/comments?post=9"}],"version-history":[{"count":53,"href":"https:\/\/rnbcasablanca.com\/ar\/wp-json\/wp\/v2\/pages\/9\/revisions"}],"predecessor-version":[{"id":914,"href":"https:\/\/rnbcasablanca.com\/ar\/wp-json\/wp\/v2\/pages\/9\/revisions\/914"}],"wp:attachment":[{"href":"https:\/\/rnbcasablanca.com\/ar\/wp-json\/wp\/v2\/media?parent=9"}],"curies":[{"name":"wp","href":"https:\/\/api.w.org\/{rel}","templated":true}]}}